{"id":2263,"date":"2022-08-25T11:05:24","date_gmt":"2022-08-25T14:05:24","guid":{"rendered":"https:\/\/lojaonline.colegiopentagono.com\/?post_type=product&#038;p=2263"},"modified":"2022-09-01T17:39:06","modified_gmt":"2022-09-01T20:39:06","slug":"colacao-de-grau-2022","status":"publish","type":"product","link":"https:\/\/lojaonline.colegiopentagono.com\/index.php\/product\/colacao-de-grau-2022\/","title":{"rendered":"Formatura 2022"},"content":{"rendered":"<p><strong>INFORMA\u00c7\u00d5ES GERAIS<\/strong><\/p>\n<ul>\n<li><strong>Data<\/strong>: 15\/12 (quinta-feira)<\/li>\n<li><strong>Rede<\/strong>: um evento \u00fanico para os alunos das 3 unidades<\/li>\n<li><strong>Hor\u00e1rio<\/strong>: 19:30<\/li>\n<li><strong>Local<\/strong>: Teatro Bradesco (Rua Palestra It\u00e1lia, n\u00ba 500) &#8211; eleito duas vezes pela revista \u00c9poca S\u00e3o Paulo como o melhor teatro paulistano<\/li>\n<li><strong>Capacidade do espa\u00e7o<\/strong>: 1.439 lugares<\/li>\n<li><strong>Organiza\u00e7\u00e3o:<\/strong> direta Col\u00e9gio (sem empresa terceira), com o objetivo de reduzir os custos para as fam\u00edlias.<\/li>\n<li><strong>Traje:<\/strong> a rigor (decidido ap\u00f3s vota\u00e7\u00e3o envolvendo os formandos da Rede). Os alunos tamb\u00e9m ter\u00e3o uma Beca para a sess\u00e3o de fotos (j\u00e1 incluso no valor do pacote).<\/li>\n<\/ul>\n<p>&nbsp;<\/p>\n<p><strong>VALORES<\/strong><\/p>\n<p><strong>Defini\u00e7\u00e3o de valor considerando ades\u00e3o de 60%\u00a0 dos alunos (88 participantes)<\/strong><\/p>\n<ul>\n<li>R$ 1.524 em at\u00e9 6x no cart\u00e3o (parcelas de R$254)<\/li>\n<li>R$ 1.350 \u00e0 vista via PIX<\/li>\n<\/ul>\n<p><b>Caso o evento n\u00e3o alcance o n\u00famero m\u00ednimo de 88 ades\u00f5es<\/b><\/p>\n<ul>\n<li style=\"font-weight: 400;\" aria-level=\"1\"><span style=\"font-weight: 400;\">Os valores pagos ser\u00e3o integralmente restitu\u00eddos \u00e0s fam\u00edlias e o Col\u00e9gio realizar\u00e1 o evento de forma virtual.<\/span><\/li>\n<\/ul>\n<p><b>Caso o evento tenha ades\u00e3o superior ao m\u00ednimo estabelecido (88 alunos),\u00a0<\/b><\/p>\n<ul>\n<li style=\"font-weight: 400;\" aria-level=\"1\"><span style=\"font-weight: 400;\">O valor adicional arrecadado ser\u00e1 rateado e integralmente restitu\u00eddo \u00e0s fam\u00edlias participantes ao final do evento.<\/span><\/li>\n<\/ul>\n<p>&nbsp;<\/p>\n<p><strong>ITENS INCLUSOS NO VALOR DA CONTRATA\u00c7\u00c3O<\/strong><\/p>\n<ul>\n<li aria-level=\"1\"><b>Canudos e loca\u00e7\u00e3o de traje: <\/b><span style=\"font-weight: 400;\">beca, capelo e faixa<\/span><\/li>\n<li aria-level=\"1\"><b>Convite recorda\u00e7\u00e3o: <\/b><span style=\"font-weight: 400;\">01 por aluno<\/span><\/li>\n<li aria-level=\"1\"><b>Convites para o evento:<\/b><span style=\"font-weight: 400;\">\u00a0 entre 8 e 10, conforme ades\u00e3o do grupo ao evento<\/span><\/li>\n<li aria-level=\"1\"><b>Loca\u00e7\u00e3o: <\/b><span style=\"font-weight: 400;\">Teatro Bradesco, mobili\u00e1rio, equipamentos de \u00e1udio e v\u00eddeo<\/span><\/li>\n<li aria-level=\"1\"><b>Equipe:<\/b><span style=\"font-weight: 400;\"> produ\u00e7\u00e3o, recep\u00e7\u00e3o, ilumina\u00e7\u00e3o, sonoriza\u00e7\u00e3o<\/span><\/li>\n<li aria-level=\"1\"><b style=\"font-style: inherit;\">Decora\u00e7\u00e3o<\/b><span style=\"font-weight: 400;\">: palco e espa\u00e7o para fotos<\/span><\/li>\n<\/ul>\n<p>&nbsp;<\/p>\n<p><span style=\"font-weight: 900;\">POL\u00cdTICA DE CANCELAMENTO<\/span><\/p>\n<p><b>Desist\u00eancia com motivo justific\u00e1vel<\/b><\/p>\n<ul>\n<li style=\"font-weight: 400;\" aria-level=\"1\"><span style=\"font-weight: 400;\">Ser\u00e1 restitu\u00eddo o valor de R$1.350. S\u00e3o considerados motivos justific\u00e1veis casos de falecimento, casos de doen\u00e7a e suspeita de Covid. Outras situa\u00e7\u00f5es ser\u00e3o avaliadas caso a caso.<\/span><\/li>\n<\/ul>\n<p><b>Desist\u00eancia sem motivo justific\u00e1vel<\/b><\/p>\n<ul>\n<li style=\"font-weight: 400;\" aria-level=\"1\"><span style=\"font-weight: 400;\">Restitui\u00e7\u00e3o imediata de 50% do valor pago. O valor restante poder\u00e1 ser restitu\u00eddo caso haja saldo em rela\u00e7\u00e3o ao valor arrecadado pelo grupo para pagamento das despesas do evento.<\/span><\/li>\n<\/ul>\n","protected":false},"excerpt":{"rendered":"<p>Evento a ser realizado no dia 15 de dezembro \u00e0s 19h30 no Teatro Bradesco, com aquisi\u00e7\u00e3o restrita aos alunos da 3\u00aa s\u00e9rie do Ensino M\u00e9dio das unidades do Col\u00e9gio Pent\u00e1gono.<\/p>\n<p>&nbsp;<\/p>\n","protected":false},"featured_media":2268,"template":"","meta":[],"_links":{"self":[{"href":"https:\/\/lojaonline.colegiopentagono.com\/index.php\/wp-json\/wp\/v2\/product\/2263"}],"collection":[{"href":"https:\/\/lojaonline.colegiopentagono.com\/index.php\/wp-json\/wp\/v2\/product"}],"about":[{"href":"https:\/\/lojaonline.colegiopentagono.com\/index.php\/wp-json\/wp\/v2\/types\/product"}],"wp:featuredmedia":[{"embeddable":true,"href":"https:\/\/lojaonline.colegiopentagono.com\/index.php\/wp-json\/wp\/v2\/media\/2268"}],"wp:attachment":[{"href":"https:\/\/lojaonline.colegiopentagono.com\/index.php\/wp-json\/wp\/v2\/media?parent=2263"}],"curies":[{"name":"wp","href":"https:\/\/api.w.org\/{rel}","templated":true}]}}